{"id":87,"date":"2025-09-02T10:19:42","date_gmt":"2025-09-02T08:19:42","guid":{"rendered":"https:\/\/kaicontrol.com\/blog\/?page_id=87"},"modified":"2025-11-05T09:25:52","modified_gmt":"2025-11-05T08:25:52","slug":"el-blog-de-kaicontrol","status":"publish","type":"page","link":"https:\/\/kaicontrol.com\/blog\/el-blog-de-kaicontrol\/","title":{"rendered":"El Blog de KaiControl"},"content":{"rendered":"\n[et_pb_section fb_built=\u00bb1&#8243; _builder_version=\u00bb4.27.4&#8243; _module_preset=\u00bbdefault\u00bb custom_padding=\u00bb0px||0px||false|false\u00bb box_shadow_style=\u00bbpreset3&#8243; box_shadow_color=\u00bbrgba(0,0,0,0.15)\u00bb global_colors_info=\u00bb{}\u00bb][et_pb_row _builder_version=\u00bb4.27.4&#8243; _module_preset=\u00bbdefault\u00bb width=\u00bb100%\u00bb max_width=\u00bb1260px\u00bb custom_padding=\u00bb0px||0px||false|false\u00bb link_option_url=\u00bbhttps:\/\/kaicontrol.com\/\u00bb global_colors_info=\u00bb{}\u00bb][et_pb_column type=\u00bb4_4&#8243; _builder_version=\u00bb4.27.4&#8243; _module_preset=\u00bbdefault\u00bb global_colors_info=\u00bb{}\u00bb][et_pb_menu menu_id=\u00bb3&#8243; active_link_color=\u00bbgcid-9a11f0e9-9fb8-44cf-b8f5-7a5d0a6e19bf\u00bb dropdown_menu_bg_color=\u00bb#FFFFFF\u00bb dropdown_menu_line_color=\u00bbgcid-9a11f0e9-9fb8-44cf-b8f5-7a5d0a6e19bf\u00bb dropdown_menu_text_color=\u00bbgcid-body-color\u00bb dropdown_menu_active_link_color=\u00bbgcid-9a11f0e9-9fb8-44cf-b8f5-7a5d0a6e19bf\u00bb mobile_menu_bg_color=\u00bb#FFFFFF\u00bb mobile_menu_text_color=\u00bbgcid-body-color\u00bb logo=\u00bbhttps:\/\/kaicontrol.com\/blog\/wp-content\/uploads\/2025\/08\/Logotimecontrol21-1.png\u00bb logo_width=\u00bb27%\u00bb _builder_version=\u00bb4.27.4&#8243; _module_preset=\u00bbdefault\u00bb menu_font=\u00bbPoppins|600|||||||\u00bb menu_text_color=\u00bbgcid-body-color\u00bb menu_font_size=\u00bb16px\u00bb text_orientation=\u00bbright\u00bb global_colors_info=\u00bb{%22gcid-9a11f0e9-9fb8-44cf-b8f5-7a5d0a6e19bf%22:%91%22active_link_color%22,%22dropdown_menu_line_color%22,%22dropdown_menu_active_link_color%22%93,%22gcid-body-color%22:%91%22menu_text_color%22,%22dropdown_menu_text_color%22,%22mobile_menu_text_color%22%93}\u00bb][\/et_pb_menu][\/et_pb_column][\/et_pb_row][\/et_pb_section][et_pb_section fb_built=\u00bb1&#8243; admin_label=\u00bbHeader\u00bb _builder_version=\u00bb4.18.1&#8243; _module_preset=\u00bbdefault\u00bb custom_padding=\u00bb||0px||false|false\u00bb collapsed=\u00bbon\u00bb global_colors_info=\u00bb{}\u00bb][et_pb_row _builder_version=\u00bb4.18.1&#8243; _module_preset=\u00bbdefault\u00bb global_colors_info=\u00bb{}\u00bb][et_pb_column type=\u00bb4_4&#8243; _builder_version=\u00bb4.18.1&#8243; _module_preset=\u00bbdefault\u00bb global_colors_info=\u00bb{}\u00bb][et_pb_text _builder_version=\u00bb4.27.4&#8243; _module_preset=\u00bb_initial\u00bb header_font=\u00bbPoppins|600|||||||\u00bb header_text_color=\u00bbgcid-9a11f0e9-9fb8-44cf-b8f5-7a5d0a6e19bf\u00bb header_font_size=\u00bb72px\u00bb header_letter_spacing=\u00bb-0.03em\u00bb header_line_height=\u00bb1.2em\u00bb header_font_size_tablet=\u00bb40px\u00bb header_font_size_phone=\u00bb24px\u00bb header_font_size_last_edited=\u00bbon|desktop\u00bb global_colors_info=\u00bb{%22gcid-9a11f0e9-9fb8-44cf-b8f5-7a5d0a6e19bf%22:%91%22header_text_color%22%93}\u00bb]<h1>El blog de KaiControl<\/h1>[\/et_pb_text][et_pb_text _builder_version=\u00bb4.27.4&#8243; _module_preset=\u00bbdefault\u00bb text_font=\u00bbPoppins|600|||||||\u00bb global_colors_info=\u00bb{}\u00bb]<h2>Impulsa la gesti\u00f3n de tu equipo con contenidos que marcan la diferencia.<\/h2>[\/et_pb_text][et_pb_post_slider posts_number=\u00bb3&#8243; bg_overlay_color=\u00bbrgba(0,0,0,0.4)\u00bb arrows_custom_color=\u00bb#FFFFFF\u00bb dot_nav_custom_color=\u00bb#FFFFFF\u00bb _builder_version=\u00bb4.19.2&#8243; _module_preset=\u00bb_initial\u00bb header_font=\u00bbPoppins|600|||||||\u00bb header_font_size=\u00bb48px\u00bb header_letter_spacing=\u00bb-0.02em\u00bb header_line_height=\u00bb1.2em\u00bb body_font=\u00bbPoppins|500|||||||\u00bb body_font_size=\u00bb16px\u00bb body_letter_spacing=\u00bb-0.01em\u00bb body_line_height=\u00bb1.8em\u00bb meta_font=\u00bbPoppins|500|||||||\u00bb meta_font_size=\u00bb14px\u00bb meta_letter_spacing=\u00bb-0.01em\u00bb meta_line_height=\u00bb1.6em\u00bb custom_button=\u00bbon\u00bb button_text_size=\u00bb14px\u00bb button_text_color=\u00bb#000000&#8243; button_bg_color=\u00bb#FFFFFF\u00bb button_border_width=\u00bb0px\u00bb button_border_radius=\u00bb100px\u00bb button_letter_spacing=\u00bb-0.01em\u00bb button_font=\u00bbPoppins|600|||||||\u00bb button_custom_padding=\u00bb16px|24px|16px|24px|true|true\u00bb header_font_size_tablet=\u00bb32px\u00bb header_font_size_phone=\u00bb20px\u00bb header_font_size_last_edited=\u00bbon|desktop\u00bb body_font_size_tablet=\u00bb15px\u00bb body_font_size_phone=\u00bb14px\u00bb body_font_size_last_edited=\u00bbon|phone\u00bb border_radii=\u00bbon|24px|24px|24px|24px\u00bb locked=\u00bboff\u00bb global_colors_info=\u00bb{}\u00bb][\/et_pb_post_slider][\/et_pb_column][\/et_pb_row][et_pb_row _builder_version=\u00bb4.18.1&#8243; _module_preset=\u00bbdefault\u00bb global_colors_info=\u00bb{}\u00bb][et_pb_column type=\u00bb4_4&#8243; _builder_version=\u00bb4.18.1&#8243; _module_preset=\u00bbdefault\u00bb global_colors_info=\u00bb{}\u00bb][et_pb_blog fullwidth=\u00bboff\u00bb posts_number=\u00bb9&#8243; show_author=\u00bboff\u00bb _builder_version=\u00bb4.18.1&#8243; _module_preset=\u00bbdefault\u00bb header_font=\u00bbPoppins|600|||||||\u00bb header_text_color=\u00bb#202225&#8243; header_font_size=\u00bb16px\u00bb header_letter_spacing=\u00bb-0.01em\u00bb header_line_height=\u00bb1.4em\u00bb body_font=\u00bbPoppins|500|||||||\u00bb body_font_size=\u00bb16px\u00bb body_letter_spacing=\u00bb-0.01em\u00bb body_line_height=\u00bb1.8em\u00bb meta_font=\u00bbPoppins|500|||||||\u00bb meta_font_size=\u00bb14px\u00bb meta_letter_spacing=\u00bb-0.01em\u00bb meta_line_height=\u00bb1.6em\u00bb read_more_font=\u00bbPoppins|500|||||||\u00bb read_more_text_color=\u00bb#000000&#8243; read_more_font_size=\u00bb20px\u00bb read_more_letter_spacing=\u00bb-0.01em\u00bb read_more_line_height=\u00bb1.4em\u00bb pagination_font=\u00bbPoppins|500|||||||\u00bb pagination_text_color=\u00bb#000000&#8243; pagination_font_size=\u00bb20px\u00bb pagination_letter_spacing=\u00bb-0.01em\u00bb pagination_line_height=\u00bb1.4em\u00bb header_font_size_tablet=\u00bb15px\u00bb header_font_size_phone=\u00bb14px\u00bb header_font_size_last_edited=\u00bbon|desktop\u00bb body_font_size_tablet=\u00bb15px\u00bb body_font_size_phone=\u00bb14px\u00bb body_font_size_last_edited=\u00bbon|phone\u00bb read_more_font_size_tablet=\u00bb15px\u00bb read_more_font_size_phone=\u00bb14px\u00bb read_more_font_size_last_edited=\u00bbon|phone\u00bb pagination_font_size_tablet=\u00bb15px\u00bb pagination_font_size_phone=\u00bb14px\u00bb pagination_font_size_last_edited=\u00bbon|desktop\u00bb border_width_all=\u00bb0px\u00bb border_radii_image=\u00bbon|10px|10px|10px|10px\u00bb locked=\u00bboff\u00bb global_colors_info=\u00bb{}\u00bb][\/et_pb_blog][\/et_pb_column][\/et_pb_row][\/et_pb_section][et_pb_section fb_built=\u00bb1&#8243; admin_label=\u00bbSubscribe\u00bb _builder_version=\u00bb4.27.4&#8243; _module_preset=\u00bbdefault\u00bb collapsed=\u00bbon\u00bb global_colors_info=\u00bb{}\u00bb][et_pb_row _builder_version=\u00bb4.18.1&#8243; _module_preset=\u00bbdefault\u00bb background_color=\u00bb#FFFFFF\u00bb custom_padding=\u00bb60px|8%|60px|8%|true|true\u00bb border_radii=\u00bbon|24px|24px|24px|24px\u00bb box_shadow_style=\u00bbpreset4&#8243; box_shadow_horizontal=\u00bb0px\u00bb box_shadow_vertical=\u00bb100px\u00bb box_shadow_blur=\u00bb100px\u00bb box_shadow_color=\u00bbrgba(194,194,200,0.4)\u00bb global_colors_info=\u00bb{}\u00bb][et_pb_column type=\u00bb4_4&#8243; _builder_version=\u00bb4.18.1&#8243; _module_preset=\u00bbdefault\u00bb global_colors_info=\u00bb{}\u00bb][et_pb_text _builder_version=\u00bb4.27.4&#8243; _module_preset=\u00bb_initial\u00bb header_2_font=\u00bbPoppins|600|||||||\u00bb header_2_font_size=\u00bb48px\u00bb header_2_letter_spacing=\u00bb-0.02em\u00bb header_2_line_height=\u00bb1.2em\u00bb text_orientation=\u00bbcenter\u00bb header_2_font_size_tablet=\u00bb32px\u00bb header_2_font_size_phone=\u00bb20px\u00bb header_2_font_size_last_edited=\u00bbon|desktop\u00bb global_colors_info=\u00bb{}\u00bb]<h2>Suscr\u00edbete a nuestra <em>newsletter<\/em><\/h2>[\/et_pb_text][et_pb_contact_form use_spam_service=\u00bbon\u00bb recaptcha_list=\u00bbDefault-0&#8243; email=\u00bbtomeu.barcelo@gamadic.com\u00bb custom_message=\u00bbSuscripci\u00f3n a la newsletter de Kai Control:||et_pb_line_break_holder||||et_pb_line_break_holder||Email: %%Email%%\u00bb success_message=\u00bbTe has suscrito con \u00e9xito, ahora recibir\u00e1s todas las novedades en tu correo.\u00bb submit_button_text=\u00bbSuscribirse\u00bb _builder_version=\u00bb4.27.4&#8243; _module_preset=\u00bbdefault\u00bb _unique_id=\u00bb4da4abe7-040a-40fd-8067-f91da17c780a\u00bb form_field_font=\u00bbPoppins|600|||||||\u00bb form_field_font_size=\u00bb16px\u00bb custom_button=\u00bbon\u00bb button_text_size=\u00bb18px\u00bb button_text_color=\u00bb#FFFFFF\u00bb button_bg_use_color_gradient=\u00bbon\u00bb button_bg_color_gradient_direction=\u00bb90deg\u00bb button_bg_color_gradient_stops=\u00bb#29c3a9 0%|#18937a 100%\u00bb button_border_radius=\u00bb40px\u00bb button_font=\u00bbPoppins|600|||||||\u00bb button_icon=\u00bb&#x52;||divi||400&#8243; hover_enabled=\u00bb0&#8243; global_colors_info=\u00bb{}\u00bb sticky_enabled=\u00bb0&#8243;][et_pb_contact_field field_id=\u00bbEmail\u00bb field_title=\u00bbCorreo electr\u00f3nico\u00bb field_type=\u00bbemail\u00bb fullwidth_field=\u00bbon\u00bb _builder_version=\u00bb4.27.4&#8243; hover_enabled=\u00bb0&#8243; border_radii=\u00bbon|40px|40px|40px|40px\u00bb global_colors_info=\u00bb{%22gcid-9a11f0e9-9fb8-44cf-b8f5-7a5d0a6e19bf%22:%91%22border_color_all%22%93}\u00bb button_text_size__hover_enabled=\u00bboff\u00bb button_one_text_size__hover_enabled=\u00bboff\u00bb button_two_text_size__hover_enabled=\u00bboff\u00bb button_text_color__hover_enabled=\u00bboff\u00bb button_one_text_color__hover_enabled=\u00bboff\u00bb button_two_text_color__hover_enabled=\u00bboff\u00bb button_border_width__hover_enabled=\u00bboff\u00bb button_one_border_width__hover_enabled=\u00bboff\u00bb button_two_border_width__hover_enabled=\u00bboff\u00bb button_border_color__hover_enabled=\u00bboff\u00bb button_one_border_color__hover_enabled=\u00bboff\u00bb button_two_border_color__hover_enabled=\u00bboff\u00bb button_border_radius__hover_enabled=\u00bboff\u00bb button_one_border_radius__hover_enabled=\u00bboff\u00bb button_two_border_radius__hover_enabled=\u00bboff\u00bb button_letter_spacing__hover_enabled=\u00bboff\u00bb button_one_letter_spacing__hover_enabled=\u00bboff\u00bb button_two_letter_spacing__hover_enabled=\u00bboff\u00bb button_bg_color__hover_enabled=\u00bboff\u00bb button_one_bg_color__hover_enabled=\u00bboff\u00bb button_two_bg_color__hover_enabled=\u00bboff\u00bb form_field_background_color__hover_enabled=\u00bboff|desktop\u00bb sticky_enabled=\u00bb0&#8243;][\/et_pb_contact_field][\/et_pb_contact_form][\/et_pb_column][\/et_pb_row][\/et_pb_section][et_pb_section fb_built=\u00bb1&#8243; _builder_version=\u00bb4.27.4&#8243; _module_preset=\u00bbdefault\u00bb background_color=\u00bb#189279&#8243; custom_padding=\u00bb20px||20px||true|false\u00bb global_colors_info=\u00bb{}\u00bb][et_pb_row column_structure=\u00bb1_4,1_4,1_4,1_4&#8243; _builder_version=\u00bb4.27.4&#8243; _module_preset=\u00bbdefault\u00bb global_colors_info=\u00bb{}\u00bb][et_pb_column type=\u00bb1_4&#8243; _builder_version=\u00bb4.27.4&#8243; _module_preset=\u00bbdefault\u00bb global_colors_info=\u00bb{}\u00bb][et_pb_button button_url=\u00bbhttps:\/\/gamadic.com\/\u00bb button_text=\u00bb\u00a9 2025 Gamadi Consulting\u00bb button_alignment=\u00bbcenter\u00bb _builder_version=\u00bb4.27.4&#8243; _module_preset=\u00bbdefault\u00bb custom_button=\u00bbon\u00bb button_text_size=\u00bb14px\u00bb button_border_width=\u00bb0px\u00bb button_border_radius=\u00bb100px\u00bb button_font=\u00bbPoppins|600|||||||\u00bb button_icon=\u00bb&#xf061;||fa||900&#8243; background_layout=\u00bbdark\u00bb global_colors_info=\u00bb{}\u00bb][\/et_pb_button][\/et_pb_column][et_pb_column type=\u00bb1_4&#8243; _builder_version=\u00bb4.27.4&#8243; _module_preset=\u00bbdefault\u00bb global_colors_info=\u00bb{}\u00bb][et_pb_button button_url=\u00bbhttps:\/\/kaicontrol.com:9201\/Politicas\/PoliticasPrivacidad\u00bb button_text=\u00bbPrivacidad\u00bb button_alignment=\u00bbcenter\u00bb _builder_version=\u00bb4.27.4&#8243; _module_preset=\u00bbdefault\u00bb custom_button=\u00bbon\u00bb button_text_size=\u00bb14px\u00bb button_border_width=\u00bb0px\u00bb button_border_radius=\u00bb100px\u00bb button_font=\u00bbPoppins|600|||||||\u00bb button_icon=\u00bb&#xf061;||fa||900&#8243; background_layout=\u00bbdark\u00bb global_colors_info=\u00bb{}\u00bb][\/et_pb_button][\/et_pb_column][et_pb_column type=\u00bb1_4&#8243; _builder_version=\u00bb4.27.4&#8243; _module_preset=\u00bbdefault\u00bb global_colors_info=\u00bb{}\u00bb][et_pb_button button_url=\u00bbhttps:\/\/kaicontrol.com:9201\/Politicas\/AvisoLegal\u00bb button_text=\u00bbLegal\u00bb button_alignment=\u00bbcenter\u00bb _builder_version=\u00bb4.27.4&#8243; _module_preset=\u00bbdefault\u00bb custom_button=\u00bbon\u00bb button_text_size=\u00bb14px\u00bb button_border_width=\u00bb0px\u00bb button_border_radius=\u00bb100px\u00bb button_font=\u00bbPoppins|600|||||||\u00bb button_icon=\u00bb&#xf061;||fa||900&#8243; background_layout=\u00bbdark\u00bb global_colors_info=\u00bb{}\u00bb][\/et_pb_button][\/et_pb_column][et_pb_column type=\u00bb1_4&#8243; _builder_version=\u00bb4.27.4&#8243; _module_preset=\u00bbdefault\u00bb global_colors_info=\u00bb{}\u00bb][et_pb_button button_url=\u00bbhttps:\/\/kaicontrol.com:9201\/Politicas\/PoliticasCookies\u00bb button_text=\u00bbCookies\u00bb button_alignment=\u00bbcenter\u00bb _builder_version=\u00bb4.27.4&#8243; _module_preset=\u00bbdefault\u00bb custom_button=\u00bbon\u00bb button_text_size=\u00bb14px\u00bb button_border_width=\u00bb0px\u00bb button_border_radius=\u00bb100px\u00bb button_font=\u00bbPoppins|600|||||||\u00bb button_icon=\u00bb&#xf061;||fa||900&#8243; background_layout=\u00bbdark\u00bb global_colors_info=\u00bb{}\u00bb][\/et_pb_button][\/et_pb_column][\/et_pb_row][\/et_pb_section]\n","protected":false},"excerpt":{"rendered":"<p>El blog de KaiControlImpulsa la gesti\u00f3n de tu equipo con contenidos que marcan la diferencia.Suscr\u00edbete a nuestra newsletter<\/p>\n","protected":false},"author":1,"featured_media":0,"parent":0,"menu_order":0,"comment_status":"closed","ping_status":"closed","template":"","meta":{"_et_pb_use_builder":"on","_et_pb_old_content":"","_et_gb_content_width":"","footnotes":""},"class_list":["post-87","page","type-page","status-publish","hentry"],"yoast_head":"<!-- This site is optimized with the Yoast SEO plugin v27.4 - https:\/\/yoast.com\/product\/yoast-seo-wordpress\/ -->\r\n<title>El blog de KaiControl, todo sobre control horario laboral en Espa\u00f1a<\/title>\r\n<meta name=\"description\" content=\"Encuentra toda la informaci\u00f3n sobre la actualidad, herramientas, tecnolog\u00eda y legalidad sobre el control de jornada en Espa\u00f1a\" \/>\r\n<meta name=\"robots\" content=\"index, follow, max-snippet:-1, max-image-preview:large, max-video-preview:-1\" \/>\r\n<link rel=\"canonical\" href=\"https:\/\/kaicontrol.com\/blog\/el-blog-de-kaicontrol\/\" \/>\r\n<meta property=\"og:locale\" content=\"es_ES\" \/>\r\n<meta property=\"og:type\" content=\"article\" \/>\r\n<meta property=\"og:title\" content=\"El blog de KaiControl, todo sobre control horario laboral en Espa\u00f1a\" \/>\r\n<meta property=\"og:description\" content=\"Encuentra toda la informaci\u00f3n sobre la actualidad, herramientas, tecnolog\u00eda y legalidad sobre el control de jornada en Espa\u00f1a\" \/>\r\n<meta property=\"og:url\" content=\"https:\/\/kaicontrol.com\/blog\/el-blog-de-kaicontrol\/\" \/>\r\n<meta property=\"og:site_name\" content=\"El blog de KaiControl\" \/>\r\n<meta property=\"article:publisher\" content=\"https:\/\/www.facebook.com\/gamadiconsulting\" \/>\r\n<meta property=\"article:modified_time\" content=\"2025-11-05T08:25:52+00:00\" \/>\r\n<meta name=\"twitter:card\" content=\"summary_large_image\" \/>\r\n<meta name=\"twitter:label1\" content=\"Tiempo de lectura\" \/>\n\t<meta name=\"twitter:data1\" content=\"3 minutos\" \/>\r\n<script type=\"application\/ld+json\" class=\"yoast-schema-graph\">{\"@context\":\"https:\\\/\\\/schema.org\",\"@graph\":[{\"@type\":\"WebPage\",\"@id\":\"https:\\\/\\\/kaicontrol.com\\\/blog\\\/el-blog-de-kaicontrol\\\/\",\"url\":\"https:\\\/\\\/kaicontrol.com\\\/blog\\\/el-blog-de-kaicontrol\\\/\",\"name\":\"El blog de KaiControl, todo sobre control horario laboral en Espa\u00f1a\",\"isPartOf\":{\"@id\":\"https:\\\/\\\/kaicontrol.com\\\/blog\\\/#website\"},\"datePublished\":\"2025-09-02T08:19:42+00:00\",\"dateModified\":\"2025-11-05T08:25:52+00:00\",\"description\":\"Encuentra toda la informaci\u00f3n sobre la actualidad, herramientas, tecnolog\u00eda y legalidad sobre el control de jornada en Espa\u00f1a\",\"breadcrumb\":{\"@id\":\"https:\\\/\\\/kaicontrol.com\\\/blog\\\/el-blog-de-kaicontrol\\\/#breadcrumb\"},\"inLanguage\":\"es\",\"potentialAction\":[{\"@type\":\"ReadAction\",\"target\":[\"https:\\\/\\\/kaicontrol.com\\\/blog\\\/el-blog-de-kaicontrol\\\/\"]}]},{\"@type\":\"BreadcrumbList\",\"@id\":\"https:\\\/\\\/kaicontrol.com\\\/blog\\\/el-blog-de-kaicontrol\\\/#breadcrumb\",\"itemListElement\":[{\"@type\":\"ListItem\",\"position\":1,\"name\":\"Portada\",\"item\":\"https:\\\/\\\/kaicontrol.com\\\/blog\\\/\"},{\"@type\":\"ListItem\",\"position\":2,\"name\":\"El Blog de KaiControl\"}]},{\"@type\":\"WebSite\",\"@id\":\"https:\\\/\\\/kaicontrol.com\\\/blog\\\/#website\",\"url\":\"https:\\\/\\\/kaicontrol.com\\\/blog\\\/\",\"name\":\"El Blog de KaiControl\",\"description\":\"Encuentra toda la informaci\u00f3n sobre la actualidad, herramientas, tecnolog\u00eda y legalidad sobre el control de jornada en Espa\u00f1a\",\"publisher\":{\"@id\":\"https:\\\/\\\/kaicontrol.com\\\/blog\\\/#organization\"},\"potentialAction\":[{\"@type\":\"SearchAction\",\"target\":{\"@type\":\"EntryPoint\",\"urlTemplate\":\"https:\\\/\\\/kaicontrol.com\\\/blog\\\/?s={search_term_string}\"},\"query-input\":{\"@type\":\"PropertyValueSpecification\",\"valueRequired\":true,\"valueName\":\"search_term_string\"}}],\"inLanguage\":\"es\"},{\"@type\":\"Organization\",\"@id\":\"https:\\\/\\\/kaicontrol.com\\\/blog\\\/#organization\",\"name\":\"El Blog de KaiControl\",\"url\":\"https:\\\/\\\/kaicontrol.com\\\/blog\\\/\",\"logo\":{\"@type\":\"ImageObject\",\"inLanguage\":\"es\",\"@id\":\"https:\\\/\\\/kaicontrol.com\\\/blog\\\/#\\\/schema\\\/logo\\\/image\\\/\",\"url\":\"https:\\\/\\\/kaicontrol.com\\\/blog\\\/wp-content\\\/uploads\\\/2025\\\/08\\\/Logotimecontrol21-2.png\",\"contentUrl\":\"https:\\\/\\\/kaicontrol.com\\\/blog\\\/wp-content\\\/uploads\\\/2025\\\/08\\\/Logotimecontrol21-2.png\",\"width\":1467,\"height\":258,\"caption\":\"El Blog de KaiControl\"},\"image\":{\"@id\":\"https:\\\/\\\/kaicontrol.com\\\/blog\\\/#\\\/schema\\\/logo\\\/image\\\/\"},\"sameAs\":[\"https:\\\/\\\/www.facebook.com\\\/gamadiconsulting\",\"https:\\\/\\\/www.instagram.com\\\/gamadiconsulting\\\/\",\"https:\\\/\\\/www.linkedin.com\\\/company\\\/gamadi-consulting-baleares\\\/\"]}]}<\/script>\r\n<!-- \/ Yoast SEO plugin. -->","yoast_head_json":{"title":"El blog de KaiControl, todo sobre control horario laboral en Espa\u00f1a","description":"Encuentra toda la informaci\u00f3n sobre la actualidad, herramientas, tecnolog\u00eda y legalidad sobre el control de jornada en Espa\u00f1a","robots":{"index":"index","follow":"follow","max-snippet":"max-snippet:-1","max-image-preview":"max-image-preview:large","max-video-preview":"max-video-preview:-1"},"canonical":"https:\/\/kaicontrol.com\/blog\/el-blog-de-kaicontrol\/","og_locale":"es_ES","og_type":"article","og_title":"El blog de KaiControl, todo sobre control horario laboral en Espa\u00f1a","og_description":"Encuentra toda la informaci\u00f3n sobre la actualidad, herramientas, tecnolog\u00eda y legalidad sobre el control de jornada en Espa\u00f1a","og_url":"https:\/\/kaicontrol.com\/blog\/el-blog-de-kaicontrol\/","og_site_name":"El blog de KaiControl","article_publisher":"https:\/\/www.facebook.com\/gamadiconsulting","article_modified_time":"2025-11-05T08:25:52+00:00","twitter_card":"summary_large_image","twitter_misc":{"Tiempo de lectura":"3 minutos"},"schema":{"@context":"https:\/\/schema.org","@graph":[{"@type":"WebPage","@id":"https:\/\/kaicontrol.com\/blog\/el-blog-de-kaicontrol\/","url":"https:\/\/kaicontrol.com\/blog\/el-blog-de-kaicontrol\/","name":"El blog de KaiControl, todo sobre control horario laboral en Espa\u00f1a","isPartOf":{"@id":"https:\/\/kaicontrol.com\/blog\/#website"},"datePublished":"2025-09-02T08:19:42+00:00","dateModified":"2025-11-05T08:25:52+00:00","description":"Encuentra toda la informaci\u00f3n sobre la actualidad, herramientas, tecnolog\u00eda y legalidad sobre el control de jornada en Espa\u00f1a","breadcrumb":{"@id":"https:\/\/kaicontrol.com\/blog\/el-blog-de-kaicontrol\/#breadcrumb"},"inLanguage":"es","potentialAction":[{"@type":"ReadAction","target":["https:\/\/kaicontrol.com\/blog\/el-blog-de-kaicontrol\/"]}]},{"@type":"BreadcrumbList","@id":"https:\/\/kaicontrol.com\/blog\/el-blog-de-kaicontrol\/#breadcrumb","itemListElement":[{"@type":"ListItem","position":1,"name":"Portada","item":"https:\/\/kaicontrol.com\/blog\/"},{"@type":"ListItem","position":2,"name":"El Blog de KaiControl"}]},{"@type":"WebSite","@id":"https:\/\/kaicontrol.com\/blog\/#website","url":"https:\/\/kaicontrol.com\/blog\/","name":"El Blog de KaiControl","description":"Encuentra toda la informaci\u00f3n sobre la actualidad, herramientas, tecnolog\u00eda y legalidad sobre el control de jornada en Espa\u00f1a","publisher":{"@id":"https:\/\/kaicontrol.com\/blog\/#organization"},"potentialAction":[{"@type":"SearchAction","target":{"@type":"EntryPoint","urlTemplate":"https:\/\/kaicontrol.com\/blog\/?s={search_term_string}"},"query-input":{"@type":"PropertyValueSpecification","valueRequired":true,"valueName":"search_term_string"}}],"inLanguage":"es"},{"@type":"Organization","@id":"https:\/\/kaicontrol.com\/blog\/#organization","name":"El Blog de KaiControl","url":"https:\/\/kaicontrol.com\/blog\/","logo":{"@type":"ImageObject","inLanguage":"es","@id":"https:\/\/kaicontrol.com\/blog\/#\/schema\/logo\/image\/","url":"https:\/\/kaicontrol.com\/blog\/wp-content\/uploads\/2025\/08\/Logotimecontrol21-2.png","contentUrl":"https:\/\/kaicontrol.com\/blog\/wp-content\/uploads\/2025\/08\/Logotimecontrol21-2.png","width":1467,"height":258,"caption":"El Blog de KaiControl"},"image":{"@id":"https:\/\/kaicontrol.com\/blog\/#\/schema\/logo\/image\/"},"sameAs":["https:\/\/www.facebook.com\/gamadiconsulting","https:\/\/www.instagram.com\/gamadiconsulting\/","https:\/\/www.linkedin.com\/company\/gamadi-consulting-baleares\/"]}]}},"_links":{"self":[{"href":"https:\/\/kaicontrol.com\/blog\/wp-json\/wp\/v2\/pages\/87","targetHints":{"allow":["GET"]}}],"collection":[{"href":"https:\/\/kaicontrol.com\/blog\/wp-json\/wp\/v2\/pages"}],"about":[{"href":"https:\/\/kaicontrol.com\/blog\/wp-json\/wp\/v2\/types\/page"}],"author":[{"embeddable":true,"href":"https:\/\/kaicontrol.com\/blog\/wp-json\/wp\/v2\/users\/1"}],"replies":[{"embeddable":true,"href":"https:\/\/kaicontrol.com\/blog\/wp-json\/wp\/v2\/comments?post=87"}],"version-history":[{"count":3,"href":"https:\/\/kaicontrol.com\/blog\/wp-json\/wp\/v2\/pages\/87\/revisions"}],"predecessor-version":[{"id":200,"href":"https:\/\/kaicontrol.com\/blog\/wp-json\/wp\/v2\/pages\/87\/revisions\/200"}],"wp:attachment":[{"href":"https:\/\/kaicontrol.com\/blog\/wp-json\/wp\/v2\/media?parent=87"}],"curies":[{"name":"wp","href":"https:\/\/api.w.org\/{rel}","templated":true}]}}